{"id":47,"date":"2018-08-14T00:17:28","date_gmt":"2018-08-13T21:17:28","guid":{"rendered":"http:\/\/musseker.com.tr\/?page_id=47"},"modified":"2019-11-30T23:43:06","modified_gmt":"2019-11-30T20:43:06","slug":"fabrika-mudurumuz","status":"publish","type":"page","link":"https:\/\/musseker.com.tr\/index.php\/fabrika-mudurumuz\/","title":{"rendered":"Fabrika Genel M\u00fcd\u00fcr\u00fcm\u00fcz"},"content":{"rendered":"<p><img loading=\"lazy\" decoding=\"async\" class=\"size-medium wp-image-49 aligncenter\" src=\"https:\/\/musseker.com.tr\/wp-content\/uploads\/2018\/08\/avatar-300x300.png\" alt=\"\" width=\"300\" height=\"300\" srcset=\"https:\/\/musseker.com.tr\/wp-content\/uploads\/2018\/08\/avatar-300x300.png 300w, https:\/\/musseker.com.tr\/wp-content\/uploads\/2018\/08\/avatar-150x150.png 150w, https:\/\/musseker.com.tr\/wp-content\/uploads\/2018\/08\/avatar.png 512w\" sizes=\"auto, (max-width: 300px) 100vw, 300px\" \/><\/p>\n<p>D\u00fczenleniyor&#8230;.<\/p>\n","protected":false},"excerpt":{"rendered":"<p>D\u00fczenleniyor&#8230;.<\/p>\n","protected":false},"author":1,"featured_media":0,"parent":0,"menu_order":0,"comment_status":"closed","ping_status":"closed","template":"template-twocolumnsright.php","meta":{"footnotes":""},"class_list":["post-47","page","type-page","status-publish","hentry","nodate","item-wrap"],"_links":{"self":[{"href":"https:\/\/musseker.com.tr\/index.php\/wp-json\/wp\/v2\/pages\/47","targetHints":{"allow":["GET"]}}],"collection":[{"href":"https:\/\/musseker.com.tr\/index.php\/wp-json\/wp\/v2\/pages"}],"about":[{"href":"https:\/\/musseker.com.tr\/index.php\/wp-json\/wp\/v2\/types\/page"}],"author":[{"embeddable":true,"href":"https:\/\/musseker.com.tr\/index.php\/wp-json\/wp\/v2\/users\/1"}],"replies":[{"embeddable":true,"href":"https:\/\/musseker.com.tr\/index.php\/wp-json\/wp\/v2\/comments?post=47"}],"version-history":[{"count":9,"href":"https:\/\/musseker.com.tr\/index.php\/wp-json\/wp\/v2\/pages\/47\/revisions"}],"predecessor-version":[{"id":312,"href":"https:\/\/musseker.com.tr\/index.php\/wp-json\/wp\/v2\/pages\/47\/revisions\/312"}],"wp:attachment":[{"href":"https:\/\/musseker.com.tr\/index.php\/wp-json\/wp\/v2\/media?parent=47"}],"curies":[{"name":"wp","href":"https:\/\/api.w.org\/{rel}","templated":true}]}}