{"id":480,"date":"2020-09-30T11:34:11","date_gmt":"2020-09-30T08:34:11","guid":{"rendered":"https:\/\/musseker.com.tr\/index.php\/cookie-policy-eu\/"},"modified":"2022-07-08T23:45:10","modified_gmt":"2022-07-08T20:45:10","slug":"cookie-policy-eu","status":"publish","type":"page","link":"https:\/\/musseker.com.tr\/index.php\/cookie-policy-eu\/","title":{"rendered":"Cookie Policy (EU)"},"content":{"rendered":"<p>D\u00fczenleniyor ! ( Bak\u0131m Modu )<\/p>\nEU b\u00f6lgesi, cookie-statement i\u00e7in etkinle\u015ftirilemedi.\n","protected":false},"excerpt":{"rendered":"<p>D\u00fczenleniyor ! ( Bak\u0131m Modu )<\/p>\n","protected":false},"author":1,"featured_media":0,"parent":0,"menu_order":0,"comment_status":"closed","ping_status":"closed","template":"","meta":{"footnotes":""},"class_list":["post-480","page","type-page","status-publish","hentry","nodate","item-wrap"],"_links":{"self":[{"href":"https:\/\/musseker.com.tr\/index.php\/wp-json\/wp\/v2\/pages\/480","targetHints":{"allow":["GET"]}}],"collection":[{"href":"https:\/\/musseker.com.tr\/index.php\/wp-json\/wp\/v2\/pages"}],"about":[{"href":"https:\/\/musseker.com.tr\/index.php\/wp-json\/wp\/v2\/types\/page"}],"author":[{"embeddable":true,"href":"https:\/\/musseker.com.tr\/index.php\/wp-json\/wp\/v2\/users\/1"}],"replies":[{"embeddable":true,"href":"https:\/\/musseker.com.tr\/index.php\/wp-json\/wp\/v2\/comments?post=480"}],"version-history":[{"count":2,"href":"https:\/\/musseker.com.tr\/index.php\/wp-json\/wp\/v2\/pages\/480\/revisions"}],"predecessor-version":[{"id":617,"href":"https:\/\/musseker.com.tr\/index.php\/wp-json\/wp\/v2\/pages\/480\/revisions\/617"}],"wp:attachment":[{"href":"https:\/\/musseker.com.tr\/index.php\/wp-json\/wp\/v2\/media?parent=480"}],"curies":[{"name":"wp","href":"https:\/\/api.w.org\/{rel}","templated":true}]}}