{"id":611,"date":"2022-03-23T10:42:11","date_gmt":"2022-03-23T07:42:11","guid":{"rendered":"https:\/\/musseker.com.tr\/?page_id=611"},"modified":"2022-03-23T10:43:18","modified_gmt":"2022-03-23T07:43:18","slug":"bilgi-guvenligi-politikasi-2","status":"publish","type":"page","link":"https:\/\/musseker.com.tr\/index.php\/bilgi-guvenligi-politikasi-2\/","title":{"rendered":"Bilgi G\u00fcvenli\u011fi Politikas\u0131"},"content":{"rendered":"<ul>\n<li class=\"s5\"><span class=\"s4\">ISO\/IEC 27001 standard\u0131na uyumlu bir Bilgi G\u00fcvenli\u011fi Y\u00f6netim Sistemini kurarak i\u015fletmek,<\/span><\/li>\n<li class=\"s6\">\u200b<span class=\"s4\">Bilgi varl\u0131klar\u0131na y\u00f6nelik riskleri y\u00f6netmek,<\/span><\/li>\n<li class=\"s5\"><span class=\"s4\">Bilgi g\u00fcvenli\u011fi alan\u0131nda s\u00fcrekli iyile\u015fmek,<\/span><\/li>\n<li class=\"s5\"><span class=\"s4\">Bilgi g\u00fcvenli\u011fi fark\u0131ndal\u0131\u011f\u0131n\u0131 art\u0131rmak amac\u0131yla teknik ve sosyal yetkinlikleri geli\u015ftirecek etkinlikler ger\u00e7ekle\u015ftirmek,<\/span><\/li>\n<li class=\"s5\"><span class=\"s4\">Kritik i\u015f s\u00fcre\u00e7lerinde ya\u015fanabilecek kesintilerin \u00f6n\u00fcne ge\u00e7mek, ge\u00e7ilemedi\u011fi durumda hedeflenen kurtarma s\u00fcresi i\u00e7erisinde s\u00fcre\u00e7lerimizi tekrar \u00e7al\u0131\u015fabilir hale getirmek,<\/span><\/li>\n<li class=\"s5\"><span class=\"s4\">Bilgi g\u00fcvenli\u011fi ile ilgili t\u00fcm y<\/span><span class=\"s4\">asal mevzuat ve \u00fc\u00e7\u00fcnc\u00fc taraflar (i\u015f ortaklar\u0131, m\u00fc\u015fteriler, tedarik\u00e7iler) ile yap\u0131lan s\u00f6zle\u015fmelere riayet etmek,<\/span><\/li>\n<li class=\"s5\"><span class=\"s4\">\u00c7al\u0131\u015fanlar\u0131m\u0131z, m\u00fc\u015fterilerimiz, tedarik\u00e7ilerimiz ve kamuoyu nezdindeki itibar ve marka de\u011ferimizin korunmas\u0131 sa\u011flamak,<\/span><\/li>\n<li class=\"s5\"><span class=\"s4\">Bilgi g\u00fcvenli\u011fi fark\u0131ndal\u0131\u011f\u0131n\u0131 art\u0131rmak amac\u0131yla teknik ve sosyal yetkinlikleri geli\u015ftirecek etkinlikler ger\u00e7ekle\u015ftirmeyi hedefliyoruz.<\/span><\/li>\n<\/ul>\n<p>&nbsp;<\/p>\n<p><b>Genel M\u00fcd\u00fcr<br \/>\n<\/b><b>Turgut KIZILKAYA<\/b><\/p>\n","protected":false},"excerpt":{"rendered":"<p>ISO\/IEC 27001 standard\u0131na uyumlu bir Bilgi G\u00fcvenli\u011fi Y\u00f6netim Sistemini kurarak i\u015fletmek, \u200bBilgi varl\u0131klar\u0131na y\u00f6nelik riskleri y\u00f6netmek, Bilgi g\u00fcvenli\u011fi alan\u0131nda s\u00fcrekli iyile\u015fmek, Bilgi g\u00fcvenli\u011fi fark\u0131ndal\u0131\u011f\u0131n\u0131 art\u0131rmak amac\u0131yla teknik ve sosyal yetkinlikleri geli\u015ftirecek etkinlikler ger\u00e7ekle\u015ftirmek, Kritik i\u015f s\u00fcre\u00e7lerinde ya\u015fanabilecek kesintilerin \u00f6n\u00fcne ge\u00e7mek, ge\u00e7ilemedi\u011fi durumda hedeflenen kurtarma s\u00fcresi i\u00e7erisinde s\u00fcre\u00e7lerimizi tekrar \u00e7al\u0131\u015fabilir hale getirmek, Bilgi g\u00fcvenli\u011fi ile ilgili &hellip; <\/p>\n<p><a class=\"more-link btn\" href=\"https:\/\/musseker.com.tr\/index.php\/bilgi-guvenligi-politikasi-2\/\">Devam\u0131n\u0131 oku<\/a><\/p>\n","protected":false},"author":1,"featured_media":0,"parent":0,"menu_order":0,"comment_status":"closed","ping_status":"closed","template":"","meta":{"footnotes":""},"class_list":["post-611","page","type-page","status-publish","hentry","nodate","item-wrap"],"_links":{"self":[{"href":"https:\/\/musseker.com.tr\/index.php\/wp-json\/wp\/v2\/pages\/611","targetHints":{"allow":["GET"]}}],"collection":[{"href":"https:\/\/musseker.com.tr\/index.php\/wp-json\/wp\/v2\/pages"}],"about":[{"href":"https:\/\/musseker.com.tr\/index.php\/wp-json\/wp\/v2\/types\/page"}],"author":[{"embeddable":true,"href":"https:\/\/musseker.com.tr\/index.php\/wp-json\/wp\/v2\/users\/1"}],"replies":[{"embeddable":true,"href":"https:\/\/musseker.com.tr\/index.php\/wp-json\/wp\/v2\/comments?post=611"}],"version-history":[{"count":2,"href":"https:\/\/musseker.com.tr\/index.php\/wp-json\/wp\/v2\/pages\/611\/revisions"}],"predecessor-version":[{"id":614,"href":"https:\/\/musseker.com.tr\/index.php\/wp-json\/wp\/v2\/pages\/611\/revisions\/614"}],"wp:attachment":[{"href":"https:\/\/musseker.com.tr\/index.php\/wp-json\/wp\/v2\/media?parent=611"}],"curies":[{"name":"wp","href":"https:\/\/api.w.org\/{rel}","templated":true}]}}