{"id":666,"date":"2024-01-22T10:19:58","date_gmt":"2024-01-22T07:19:58","guid":{"rendered":"https:\/\/musseker.com.tr\/?page_id=666"},"modified":"2025-01-15T15:42:33","modified_gmt":"2025-01-15T12:42:33","slug":"enerji-yonetim-sistemi","status":"publish","type":"page","link":"https:\/\/musseker.com.tr\/index.php\/enerji-yonetim-sistemi\/","title":{"rendered":"Entegre Y\u00f6netim Sistemleri Politikas\u0131"},"content":{"rendered":"<p class=\"s5\"><strong><span class=\"s4\">ENTEGRE Y\u00d6NET\u0130M S\u0130STEMLER\u0130 POL\u0130T\u0130KASI<\/span><\/strong><\/p>\n<p class=\"s7\"><span class=\"s6\">Mu\u015f \u015eeker Ailesi olarak; <\/span><\/p>\n<p class=\"s7\"><span class=\"s6\">Tarladan sofraya uzanan s\u00fcre\u00e7te, g\u00fcvenilir, do\u011fal ve lezzetli \u00fcr\u00fcnler sunmay\u0131, gelecek nesillere verimli topraklar\u0131 emanet etmeyi ana kalite <\/span><span class=\"s6\">vizyonumuz<\/span><span class=\"s6\"> olarak benimsemi\u015f bulunmaktay\u0131z.<\/span><\/p>\n<p class=\"s7\"><span class=\"s6\">M\u00fc\u015fterilerimizin taleplerine ve beklentilerine cevap veren \u00fcr\u00fcnleri, mikrobiyolojik, fiziksel ve kimyasal <\/span><span class=\"s6\">kriterlere<\/span><span class=\"s6\"> uygun olarak, sa\u011fl\u0131kl\u0131 ve helal g\u0131da \u015fartlar\u0131na uyumlu bir \u015fekilde \u00fcretmeyi ama\u00e7l\u0131yoruz.<\/span><\/p>\n<p class=\"s7\"><span class=\"s6\">\u00c7ift\u00e7ilerimizin, \u00e7al\u0131\u015fanlar\u0131m\u0131z\u0131n, i\u015f ortaklar\u0131m\u0131z\u0131n ve m\u00fc\u015fterilerimizin kat\u0131l\u0131mlar\u0131n\u0131 sa\u011flayarak, s\u00fcrd\u00fcr\u00fclebilir tar\u0131m uygulamalar\u0131n\u0131 desteklemeyi ve enerji verimlili\u011fine y\u00f6nelik teknolojileri kullanarak, kaliteli, sa\u011fl\u0131kl\u0131 ve g\u00fcvenli \u00fcr\u00fcnler \u00fcretmeyi hedef olarak belirledik.<\/span><\/p>\n<p class=\"s7\"><span class=\"s6\">Fabrika i\u00e7erisinde etkili ileti\u015fim kanallar\u0131 olu\u015fturarak g\u0131da g\u00fcvenli\u011fini korumay\u0131, tedarik zincirinin her a\u015famas\u0131nda insan sa\u011fl\u0131\u011f\u0131n\u0131, enerji verimlili\u011fini ve \u00e7evreyi g\u00f6z \u00f6n\u00fcnde bulundurmay\u0131 \u00f6nceliklerimiz aras\u0131nda tutuyoruz.<\/span><\/p>\n<p class=\"s7\"><span class=\"s6\">Ulusal ve uluslararas\u0131 standartlara, g\u0131da, enerji, helal, \u00e7evre, i\u015f sa\u011fl\u0131\u011f\u0131 ve g\u00fcvenli\u011fi ile ilgili mevzuatlara uyum sa\u011flayarak, sosyal etik kurallara ba\u011fl\u0131l\u0131\u011f\u0131m\u0131z\u0131 s\u00fcrd\u00fcr\u00fcyoruz.<\/span><\/p>\n<p class=\"s7\"><span class=\"s4\">ISO 22000 G\u0131da G\u00fcvenli\u011fi Y\u00f6netim S<\/span><span class=\"s4\">istemi<\/span><span class=\"s4\">, ISO 9001 Kalite Y\u00f6netim Sistemi, <\/span><span class=\"s4\">ISO 14001 \u00c7evre Y\u00f6netim Sistemi<\/span><span class=\"s4\">, <\/span><span class=\"s4\">ISO 45001 i\u015f sa\u011fl\u0131\u011f\u0131 ve g\u00fcvenli\u011fi y\u00f6netim sistemi<\/span><span class=\"s4\">, <\/span><span class=\"s4\">ISO<\/span><span class=\"s4\"> 27001 Bilgi G\u00fcvenli\u011fi Y\u00f6netim S<\/span><span class=\"s4\">istemi<\/span> <span class=\"s4\">ve <\/span><a name=\"_GoBack\"><\/a><span class=\"s4\">OIC\/SMIIC <\/span><span class=\"s4\">1:2019<\/span><span class=\"s4\"> Helal G\u0131da<\/span><span class=\"s4\"> Standartlar\u0131na<\/span><span class=\"s6\"> uygunlu\u011fu sa\u011flayarak, t\u00fcm s\u00fcre\u00e7lerimizi s\u00fcrekli iyile\u015ftirmeyi taahh\u00fct ediyoruz.<\/span><\/p>\n<p class=\"s7\"><span class=\"s6\">Bizler, Mu\u015f \u015eeker Ailesi olarak, <\/span><span class=\"s6\">hijyen<\/span><span class=\"s6\"> \u015fartlar\u0131na uyumu sa\u011flamak, e\u011fitimli ve yetkin personel istihdam etmek ve gelecek nesillere daha sa\u011fl\u0131kl\u0131 bir d\u00fcnya b\u0131rakmak i\u00e7in ileri g\u00f6r\u00fc\u015fl\u00fc, sorumlu yakla\u015f\u0131mlar benimsemeye devam edece\u011fiz.<\/span><\/p>\n<p class=\"s8\"><strong><span class=\"s4\">Genel <\/span><\/strong><span class=\"s4\"><strong>M\u00fcd\u00fcr<\/strong><br \/>\n<\/span><span class=\"s4\">Turgut<\/span><span class=\"s4\"> KIZILKAYA<\/span><\/p>\n<p class=\"s3\"><span class=\"s9\">S\u0130S-F02 00\/06.08.<\/span><span class=\"s9\">2018 \u00a0 \u00a0REV<\/span><span class=\"s9\"> 001 \u00a0 \u00a0 \u00a0 \u00a0 \u00a0 \u00a0 \u00a0 \u00a0 \u00a0 \u00a0 \u00a0 \u00a0 \u00a0 \u00a0 \u00a0 \u00a0 \u00a0 \u00a0 \u00a0 \u00a0 \u00a0 \u00a0 \u00a0 \u00a0 \u00a0 \u00a0 \u00a0 \u00a0 \u00a0 \u00a0 \u00a0 \u00a0 \u00a0 \u00a0 \u00a0 \u00a0 \u00a0 \u00a0 \u00a0 \u00a0 \u00a0 \u00a0 \u00a0 \u00a0 \u00a0 \u00a0 \u00a0 \u00a0 \u00a0 \u00a0 \u00a0 \u00a0 \u00a0 \u00a0 \u00a0 \u00a0 \u00a0 \u00a0 \u00a0 \u00a0 \u00a0 \u00a0 \u00a0 \u00a0 \u00a0 \u00a0 \u00a0 \u00a0 \u00a0 \u00a0 \u00a0 \u00a0 \u00a0 \u00a0<\/span><span class=\"s9\"> \u00a0 \u00a0<\/span><\/p>\n","protected":false},"excerpt":{"rendered":"<p>ENTEGRE Y\u00d6NET\u0130M S\u0130STEMLER\u0130 POL\u0130T\u0130KASI Mu\u015f \u015eeker Ailesi olarak; Tarladan sofraya uzanan s\u00fcre\u00e7te, g\u00fcvenilir, do\u011fal ve lezzetli \u00fcr\u00fcnler sunmay\u0131, gelecek nesillere verimli topraklar\u0131 emanet etmeyi ana kalite vizyonumuz olarak benimsemi\u015f bulunmaktay\u0131z. M\u00fc\u015fterilerimizin taleplerine ve beklentilerine cevap veren \u00fcr\u00fcnleri, mikrobiyolojik, fiziksel ve kimyasal kriterlere uygun olarak, sa\u011fl\u0131kl\u0131 ve helal g\u0131da \u015fartlar\u0131na uyumlu bir \u015fekilde \u00fcretmeyi ama\u00e7l\u0131yoruz. \u00c7ift\u00e7ilerimizin, &hellip; <\/p>\n<p><a class=\"more-link btn\" href=\"https:\/\/musseker.com.tr\/index.php\/enerji-yonetim-sistemi\/\">Devam\u0131n\u0131 oku<\/a><\/p>\n","protected":false},"author":1,"featured_media":0,"parent":0,"menu_order":0,"comment_status":"closed","ping_status":"closed","template":"","meta":{"footnotes":""},"class_list":["post-666","page","type-page","status-publish","hentry","nodate","item-wrap"],"_links":{"self":[{"href":"https:\/\/musseker.com.tr\/index.php\/wp-json\/wp\/v2\/pages\/666","targetHints":{"allow":["GET"]}}],"collection":[{"href":"https:\/\/musseker.com.tr\/index.php\/wp-json\/wp\/v2\/pages"}],"about":[{"href":"https:\/\/musseker.com.tr\/index.php\/wp-json\/wp\/v2\/types\/page"}],"author":[{"embeddable":true,"href":"https:\/\/musseker.com.tr\/index.php\/wp-json\/wp\/v2\/users\/1"}],"replies":[{"embeddable":true,"href":"https:\/\/musseker.com.tr\/index.php\/wp-json\/wp\/v2\/comments?post=666"}],"version-history":[{"count":2,"href":"https:\/\/musseker.com.tr\/index.php\/wp-json\/wp\/v2\/pages\/666\/revisions"}],"predecessor-version":[{"id":700,"href":"https:\/\/musseker.com.tr\/index.php\/wp-json\/wp\/v2\/pages\/666\/revisions\/700"}],"wp:attachment":[{"href":"https:\/\/musseker.com.tr\/index.php\/wp-json\/wp\/v2\/media?parent=666"}],"curies":[{"name":"wp","href":"https:\/\/api.w.org\/{rel}","templated":true}]}}